{"id":925,"date":"2018-03-03T15:15:17","date_gmt":"2018-03-03T14:15:17","guid":{"rendered":"http:\/\/www.gcoecv.at\/?page_id=925"},"modified":"2023-03-24T12:35:21","modified_gmt":"2023-03-24T11:35:21","slug":"info","status":"publish","type":"page","link":"https:\/\/www.gcoecv.at\/?page_id=925","title":{"rendered":"Wer sind wir?"},"content":{"rendered":"<p><strong>Golfclub des \u00d6sterreichischen Cartellverbandes &#8211; Golfzirkel (GC-\u00d6CV &#8211; Golfzirkel)<\/strong><\/p>\n<p>Der Verein GC-\u00d6CV ist zugleich der Interessenzirkel des \u00d6sterreichischen Cartellverbandes (Golfzirkel) f\u00fcr alle golfenden Cartell- und Bundesbr\u00fcder. Dar\u00fcber hinaus sind auch alle Familienmitglieder sowie Mitglieder von Verb\u00e4nden im Europ\u00e4ischen Kartellverband (EKV) herzlich eingeladen, dem Zirkel beizutreten.<\/p>\n<p><strong>Ziele des GC-\u00d6CV<\/strong><\/p>\n<p><em>Attraktive Angebote:<\/em> Alle Mitglieder des GC-\u00d6CV haben die M\u00f6glichkeit, attraktive Angebote zu n\u00fctzen. (zB div. Erm\u00e4\u00dfigungen bei Greenfees, verg\u00fcnstigte Einkaufsm\u00f6glichkeiten, g\u00fcnstige Golfreisen etc.)<br \/>\n<em>Vernetzung aller Golfer im \u00d6CV:<\/em> Abseits von Buden, Kneipen, Berufs- und Gebietszirkeln ladet der GC-\u00d6CV zu Turnieren in \u00d6sterreich, Summer-Specials (\u201ecome and play\u201c-Events) und andere Golfveranstaltungen ein.<br \/>\n<em>Corporate Identity:<\/em> Mitgliedern werden exklusive und qualitativ hochwertige Merchandising Artikel (Polo-Shirts, Windbreaker, Handschuhe etc.) angeboten.<\/p>\n<p><strong>Mitgliedschaft<\/strong><\/p>\n<p>Alle Mitglieder \u2013 unabh\u00e4ngig vom Mitgliedsstatus \u2013 sind zur Nutzung aller Clubvorteile berechtigt. Eine Liste der Mitglieder liegt in den jeweiligen Clubs auf.<\/p>\n<p>Die Mitgliedschaft verpflichtet zur j\u00e4hrlichen Zahlung eines Mitgliedsbeitrags in der H\u00f6he von derzeit EUR 50,&#8211; (Stand 2017) und erm\u00f6glicht die aktive Teilnahme an Veranstaltungen und Aktionen, welche vom GC-\u00d6CV ausgerichtet, organisiert oder vermittelt werden.<\/p>\n","protected":false},"excerpt":{"rendered":"<p>Golfclub des \u00d6sterreichischen Cartellverbandes &#8211; Golfzirkel (GC-\u00d6CV &#8211; Golfzirkel) Der Verein GC-\u00d6CV ist zugleich der Interessenzirkel des \u00d6sterreichischen Cartellverbandes (Golfzirkel) f\u00fcr alle golfenden Cartell- und Bundesbr\u00fcder. Dar\u00fcber hinaus sind auch alle Familienmitglieder sowie Mitglieder von Verb\u00e4nden im Europ\u00e4ischen Kartellverband (EKV) herzlich eingeladen, dem Zirkel beizutreten. Ziele des GC-\u00d6CV Attraktive Angebote: Alle Mitglieder des GC-\u00d6CV haben &hellip; <a href=\"https:\/\/www.gcoecv.at\/?page_id=925\" class=\"more-link\"><span class=\"screen-reader-text\">Wer sind wir?<\/span> weiterlesen <span class=\"meta-nav\">&rarr;<\/span><\/a><\/p>\n","protected":false},"author":1,"featured_media":0,"parent":7,"menu_order":1,"comment_status":"closed","ping_status":"closed","template":"","meta":[],"_links":{"self":[{"href":"https:\/\/www.gcoecv.at\/index.php?rest_route=\/wp\/v2\/pages\/925"}],"collection":[{"href":"https:\/\/www.gcoecv.at\/index.php?rest_route=\/wp\/v2\/pages"}],"about":[{"href":"https:\/\/www.gcoecv.at\/index.php?rest_route=\/wp\/v2\/types\/page"}],"author":[{"embeddable":true,"href":"https:\/\/www.gcoecv.at\/index.php?rest_route=\/wp\/v2\/users\/1"}],"replies":[{"embeddable":true,"href":"https:\/\/www.gcoecv.at\/index.php?rest_route=%2Fwp%2Fv2%2Fcomments&post=925"}],"version-history":[{"count":2,"href":"https:\/\/www.gcoecv.at\/index.php?rest_route=\/wp\/v2\/pages\/925\/revisions"}],"predecessor-version":[{"id":1275,"href":"https:\/\/www.gcoecv.at\/index.php?rest_route=\/wp\/v2\/pages\/925\/revisions\/1275"}],"up":[{"embeddable":true,"href":"https:\/\/www.gcoecv.at\/index.php?rest_route=\/wp\/v2\/pages\/7"}],"wp:attachment":[{"href":"https:\/\/www.gcoecv.at\/index.php?rest_route=%2Fwp%2Fv2%2Fmedia&parent=925"}],"curies":[{"name":"wp","href":"https:\/\/api.w.org\/{rel}","templated":true}]}}