{"id":81,"date":"2010-05-31T06:39:32","date_gmt":"2010-05-31T05:39:32","guid":{"rendered":"http:\/\/www.gcoecv.at\/?page_id=81"},"modified":"2023-03-24T12:38:22","modified_gmt":"2023-03-24T11:38:22","slug":"benefits","status":"publish","type":"page","link":"https:\/\/www.gcoecv.at\/?page_id=81","title":{"rendered":"Rabatte 2023"},"content":{"rendered":"<p><strong>Greenfee-Erm\u00e4\u00dfigungen<\/strong><\/p>\n<p><a href=\"http:\/\/www.gcoecv.at\/wp-content\/uploads\/2018\/07\/GC-OECV_Rabatte_2018.pdf\">GC-\u00d6CV_Rabatte_2020<\/a><\/p>\n<p>&nbsp;<\/p>\n<p><strong>Golfb\u00e4lle<\/strong><\/p>\n<p><b>-10% <\/b>auf alle Golfb\u00e4lle<b>,<\/b> auch auf Aktionsware<br \/>\nbei\u00a0<span style=\"color: #0000ff;\"><a href=\"http:\/\/www.top-lakeball.com\" target=\"_blank\" rel=\"noopener noreferrer\"><span style=\"color: #0000ff;\">www.top-lakeball.com<\/span><\/a><\/span><\/p>\n<p>&nbsp;<\/p>\n<p><strong>SLAM-Sportswear<\/strong><\/p>\n<p><b>-10% <\/b><br \/>\nDownload-M\u00f6glichkeit des aktuellen Katalogs \u00fcber <a href=\"http:\/\/www.slam.com\" target=\"_blank\" rel=\"noopener noreferrer\">www.slam.com<\/a><\/p>\n<p>&nbsp;<\/p>\n<p>&nbsp;<\/p>\n<p>Stand\u00a029.01.20 \u00c4nderungen vorbehalten.<\/p>\n","protected":false},"excerpt":{"rendered":"<p>Greenfee-Erm\u00e4\u00dfigungen GC-\u00d6CV_Rabatte_2020 &nbsp; Golfb\u00e4lle -10% auf alle Golfb\u00e4lle, auch auf Aktionsware bei\u00a0www.top-lakeball.com &nbsp; SLAM-Sportswear -10% Download-M\u00f6glichkeit des aktuellen Katalogs \u00fcber www.slam.com &nbsp; &nbsp; Stand\u00a029.01.20 \u00c4nderungen vorbehalten.<\/p>\n","protected":false},"author":1,"featured_media":0,"parent":0,"menu_order":9,"comment_status":"open","ping_status":"closed","template":"","meta":[],"_links":{"self":[{"href":"https:\/\/www.gcoecv.at\/index.php?rest_route=\/wp\/v2\/pages\/81"}],"collection":[{"href":"https:\/\/www.gcoecv.at\/index.php?rest_route=\/wp\/v2\/pages"}],"about":[{"href":"https:\/\/www.gcoecv.at\/index.php?rest_route=\/wp\/v2\/types\/page"}],"author":[{"embeddable":true,"href":"https:\/\/www.gcoecv.at\/index.php?rest_route=\/wp\/v2\/users\/1"}],"replies":[{"embeddable":true,"href":"https:\/\/www.gcoecv.at\/index.php?rest_route=%2Fwp%2Fv2%2Fcomments&post=81"}],"version-history":[{"count":64,"href":"https:\/\/www.gcoecv.at\/index.php?rest_route=\/wp\/v2\/pages\/81\/revisions"}],"predecessor-version":[{"id":1276,"href":"https:\/\/www.gcoecv.at\/index.php?rest_route=\/wp\/v2\/pages\/81\/revisions\/1276"}],"wp:attachment":[{"href":"https:\/\/www.gcoecv.at\/index.php?rest_route=%2Fwp%2Fv2%2Fmedia&parent=81"}],"curies":[{"name":"wp","href":"https:\/\/api.w.org\/{rel}","templated":true}]}}